{"id":2,"date":"2024-06-16T14:13:11","date_gmt":"2024-06-16T12:13:11","guid":{"rendered":"https:\/\/fgm24.pl\/?page_id=2"},"modified":"2024-06-16T22:52:16","modified_gmt":"2024-06-16T20:52:16","slug":"przykladowa-strona","status":"publish","type":"page","link":"https:\/\/fgm24.pl\/","title":{"rendered":"O nas.."},"content":{"rendered":"\t\t<div data-elementor-type=\"wp-page\" data-elementor-id=\"2\" class=\"elementor elementor-2\">\n\t\t\t\t<div class=\"elementor-element elementor-element-46d69c1b e-flex e-con-boxed e-con e-parent\" data-id=\"46d69c1b\" data-element_type=\"container\">\n\t\t\t\t\t<div class=\"e-con-inner\">\n\t\t\t\t<div class=\"elementor-element elementor-element-d4b2e74 elementor-widget elementor-widget-text-editor\" data-id=\"d4b2e74\" data-element_type=\"widget\" data-widget_type=\"text-editor.default\">\n\t\t\t\t<div class=\"elementor-widget-container\">\n\t\t\t<style>\/*! elementor - v3.22.0 - 16-06-2024 *\/\n.elementor-widget-text-editor.elementor-drop-cap-view-stacked .elementor-drop-cap{background-color:#69727d;color:#fff}.elementor-widget-text-editor.elementor-drop-cap-view-framed .elementor-drop-cap{color:#69727d;border:3px solid;background-color:transparent}.elementor-widget-text-editor:not(.elementor-drop-cap-view-default) .elementor-drop-cap{margin-top:8px}.elementor-widget-text-editor:not(.elementor-drop-cap-view-default) .elementor-drop-cap-letter{width:1em;height:1em}.elementor-widget-text-editor .elementor-drop-cap{float:left;text-align:center;line-height:1;font-size:50px}.elementor-widget-text-editor .elementor-drop-cap-letter{display:inline-block}<\/style>\t\t\t\t<p>Firma FHU Marek Grzegorzewski specjalizuje si\u0119 w wykonywaniu sieci i instalacji elektroenergetycznych oraz us\u0142ugach sprz\u0119tem budowlanym. Kompleksowo wykonujemy przy\u0142\u0105cza elektryczne, linie kablowe, napowietrzne SN, nN, instalacje o\u015bwietlenia drogowego, montujemy wn\u0119trzowe, s\u0142upowe oraz kontenerowe stacje transformatorowe.<\/p>\n<p>W naszej ofercie znajd\u0105 Pa\u0144stwo us\u0142ugi sprz\u0119tem budowlanym takim jak koparki, \u0142adowarki, koparko-\u0142adowarki, podno\u015bnik koszowy g\u0105sienicowy, us\u0142ugi transportowe wywrotk\u0105 oraz autolawet\u0105. Ponadto wykonujemy pneumatyczne przeciski pod obiektami oraz r\u00f3\u017cnego rodzaju roboty ziemne liniowe oraz powierzchniowe.<\/p>\t\t\t\t\t\t<\/div>\n\t\t\t\t<\/div>\n\t\t\t\t\t<\/div>\n\t\t\t\t<\/div>\n\t\t<div class=\"elementor-element elementor-element-a899c73 e-grid e-con-full e-con e-parent\" data-id=\"a899c73\" data-element_type=\"container\">\n\t\t\t\t<div class=\"elementor-element elementor-element-f120c5e elementor-widget elementor-widget-image\" data-id=\"f120c5e\" data-element_type=\"widget\" data-widget_type=\"image.default\">\n\t\t\t\t<div class=\"elementor-widget-container\">\n\t\t\t<style>\/*! elementor - v3.22.0 - 16-06-2024 *\/\n.elementor-widget-image{text-align:center}.elementor-widget-image a{display:inline-block}.elementor-widget-image a img[src$=\".svg\"]{width:48px}.elementor-widget-image img{vertical-align:middle;display:inline-block}<\/style>\t\t\t\t\t\t\t<figure class=\"wp-caption\">\n\t\t\t\t\t\t\t\t\t\t<img fetchpriority=\"high\" decoding=\"async\" width=\"960\" height=\"721\" src=\"https:\/\/fgm24.pl\/wp-content\/uploads\/2024\/06\/22.jpg\" class=\"attachment-large size-large wp-image-106\" alt=\"\" srcset=\"https:\/\/fgm24.pl\/wp-content\/uploads\/2024\/06\/22.jpg 1019w, https:\/\/fgm24.pl\/wp-content\/uploads\/2024\/06\/22-300x225.jpg 300w, https:\/\/fgm24.pl\/wp-content\/uploads\/2024\/06\/22-768x577.jpg 768w\" sizes=\"(max-width: 960px) 100vw, 960px\" \/>\t\t\t\t\t\t\t\t\t\t\t<figcaption class=\"widget-image-caption wp-caption-text\">Przewierty i przeciski sterowane<\/figcaption>\n\t\t\t\t\t\t\t\t\t\t<\/figure>\n\t\t\t\t\t\t\t<\/div>\n\t\t\t\t<\/div>\n\t\t\t\t<div class=\"elementor-element elementor-element-e1a5e49 elementor-widget elementor-widget-image\" data-id=\"e1a5e49\" data-element_type=\"widget\" data-widget_type=\"image.default\">\n\t\t\t\t<div class=\"elementor-widget-container\">\n\t\t\t\t\t\t\t\t\t\t\t\t\t<img decoding=\"async\" width=\"960\" height=\"745\" src=\"https:\/\/fgm24.pl\/wp-content\/uploads\/2024\/06\/logo-1024x795.jpg\" class=\"attachment-large size-large wp-image-5\" alt=\"\" srcset=\"https:\/\/fgm24.pl\/wp-content\/uploads\/2024\/06\/logo-1024x795.jpg 1024w, https:\/\/fgm24.pl\/wp-content\/uploads\/2024\/06\/logo-300x233.jpg 300w, https:\/\/fgm24.pl\/wp-content\/uploads\/2024\/06\/logo-768x596.jpg 768w, https:\/\/fgm24.pl\/wp-content\/uploads\/2024\/06\/logo-1536x1193.jpg 1536w, https:\/\/fgm24.pl\/wp-content\/uploads\/2024\/06\/logo-1140x885.jpg 1140w, https:\/\/fgm24.pl\/wp-content\/uploads\/2024\/06\/logo.jpg 1656w\" sizes=\"(max-width: 960px) 100vw, 960px\" \/>\t\t\t\t\t\t\t\t\t\t\t\t\t<\/div>\n\t\t\t\t<\/div>\n\t\t\t\t<div class=\"elementor-element elementor-element-68662d5 elementor-widget elementor-widget-image\" data-id=\"68662d5\" data-element_type=\"widget\" data-widget_type=\"image.default\">\n\t\t\t\t<div class=\"elementor-widget-container\">\n\t\t\t\t\t\t\t\t\t\t<figure class=\"wp-caption\">\n\t\t\t\t\t\t\t\t\t\t<img decoding=\"async\" width=\"225\" height=\"300\" src=\"https:\/\/fgm24.pl\/wp-content\/uploads\/2024\/06\/sieci-225x300.jpg\" class=\"attachment-medium size-medium wp-image-114\" alt=\"\" srcset=\"https:\/\/fgm24.pl\/wp-content\/uploads\/2024\/06\/sieci-225x300.jpg 225w, https:\/\/fgm24.pl\/wp-content\/uploads\/2024\/06\/sieci-768x1024.jpg 768w, https:\/\/fgm24.pl\/wp-content\/uploads\/2024\/06\/sieci-1152x1536.jpg 1152w, https:\/\/fgm24.pl\/wp-content\/uploads\/2024\/06\/sieci-1140x1520.jpg 1140w, https:\/\/fgm24.pl\/wp-content\/uploads\/2024\/06\/sieci.jpg 1200w\" sizes=\"(max-width: 225px) 100vw, 225px\" \/>\t\t\t\t\t\t\t\t\t\t\t<figcaption class=\"widget-image-caption wp-caption-text\">Sieci elektroenergetyczne<\/figcaption>\n\t\t\t\t\t\t\t\t\t\t<\/figure>\n\t\t\t\t\t\t\t<\/div>\n\t\t\t\t<\/div>\n\t\t\t\t<\/div>\n\t\t\t\t<\/div>\n\t\t","protected":false},"excerpt":{"rendered":"<p>Firma FHU Marek Grzegorzewski specjalizuje si\u0119 w wykonywaniu sieci i instalacji elektroenergetycznych oraz us\u0142ugach sprz\u0119tem budowlanym. Kompleksowo wykonujemy przy\u0142\u0105cza elektryczne, linie kablowe, napowietrzne SN, nN, instalacje o\u015bwietlenia drogowego, montujemy wn\u0119trzowe, s\u0142upowe oraz kontenerowe stacje transformatorowe. W naszej ofercie znajd\u0105 Pa\u0144stwo us\u0142ugi sprz\u0119tem budowlanym takim jak koparki, \u0142adowarki, koparko-\u0142adowarki, podno\u015bnik koszowy g\u0105sienicowy, us\u0142ugi transportowe wywrotk\u0105 oraz autolawet\u0105. Ponadto wykonujemy pneumatyczne przeciski pod obiektami oraz r\u00f3\u017cnego rodzaju roboty ziemne liniowe oraz powierzchniowe. Przewierty i przeciski sterowane Sieci elektroenergetyczne<\/p>\n","protected":false},"author":1,"featured_media":0,"parent":0,"menu_order":0,"comment_status":"closed","ping_status":"open","template":"","meta":{"footnotes":""},"class_list":["post-2","page","type-page","status-publish","hentry"],"_links":{"self":[{"href":"https:\/\/fgm24.pl\/index.php?rest_route=\/wp\/v2\/pages\/2","targetHints":{"allow":["GET"]}}],"collection":[{"href":"https:\/\/fgm24.pl\/index.php?rest_route=\/wp\/v2\/pages"}],"about":[{"href":"https:\/\/fgm24.pl\/index.php?rest_route=\/wp\/v2\/types\/page"}],"author":[{"embeddable":true,"href":"https:\/\/fgm24.pl\/index.php?rest_route=\/wp\/v2\/users\/1"}],"replies":[{"embeddable":true,"href":"https:\/\/fgm24.pl\/index.php?rest_route=%2Fwp%2Fv2%2Fcomments&post=2"}],"version-history":[{"count":73,"href":"https:\/\/fgm24.pl\/index.php?rest_route=\/wp\/v2\/pages\/2\/revisions"}],"predecessor-version":[{"id":126,"href":"https:\/\/fgm24.pl\/index.php?rest_route=\/wp\/v2\/pages\/2\/revisions\/126"}],"wp:attachment":[{"href":"https:\/\/fgm24.pl\/index.php?rest_route=%2Fwp%2Fv2%2Fmedia&parent=2"}],"curies":[{"name":"wp","href":"https:\/\/api.w.org\/{rel}","templated":true}]}}